{"id":2,"date":"2021-06-07T21:28:00","date_gmt":"2021-06-07T21:28:00","guid":{"rendered":"https:\/\/www.cervezotecamalte.com\/portal\/?page_id=2"},"modified":"2021-06-07T23:00:30","modified_gmt":"2021-06-07T23:00:30","slug":"pagina-ejemplo","status":"publish","type":"page","link":"https:\/\/www.cervezotecamalte.com\/portal\/","title":{"rendered":"INICIO"},"content":{"rendered":"\n<div class=\"wp-block-nextend-smartslider3\"><\/div>\n\n\n\n<figure class=\"wp-block-image size-large\"><img loading=\"lazy\" width=\"612\" height=\"128\" src=\"https:\/\/www.cervezotecamalte.com\/portal\/wp-content\/uploads\/2021\/06\/opinion2.png\" alt=\"\" class=\"wp-image-41\" srcset=\"https:\/\/www.cervezotecamalte.com\/portal\/wp-content\/uploads\/2021\/06\/opinion2.png 612w, https:\/\/www.cervezotecamalte.com\/portal\/wp-content\/uploads\/2021\/06\/opinion2-300x63.png 300w\" sizes=\"(max-width: 612px) 100vw, 612px\" \/><\/figure>\n\n\n\n<figure class=\"wp-block-image size-large\"><img loading=\"lazy\" width=\"599\" height=\"189\" src=\"https:\/\/www.cervezotecamalte.com\/portal\/wp-content\/uploads\/2021\/06\/opinion3.png\" alt=\"\" class=\"wp-image-42\" srcset=\"https:\/\/www.cervezotecamalte.com\/portal\/wp-content\/uploads\/2021\/06\/opinion3.png 599w, https:\/\/www.cervezotecamalte.com\/portal\/wp-content\/uploads\/2021\/06\/opinion3-300x95.png 300w\" sizes=\"(max-width: 599px) 100vw, 599px\" \/><\/figure>\n\n\n\n<figure class=\"wp-block-image size-large\"><img loading=\"lazy\" width=\"583\" height=\"324\" src=\"https:\/\/www.cervezotecamalte.com\/portal\/wp-content\/uploads\/2021\/06\/opinion4.png\" alt=\"\" class=\"wp-image-43\" srcset=\"https:\/\/www.cervezotecamalte.com\/portal\/wp-content\/uploads\/2021\/06\/opinion4.png 583w, https:\/\/www.cervezotecamalte.com\/portal\/wp-content\/uploads\/2021\/06\/opinion4-300x167.png 300w\" sizes=\"(max-width: 583px) 100vw, 583px\" \/><\/figure>\n\n\n\n<figure class=\"wp-block-image size-large\"><img loading=\"lazy\" width=\"596\" height=\"149\" src=\"https:\/\/www.cervezotecamalte.com\/portal\/wp-content\/uploads\/2021\/06\/opinion1.png\" alt=\"\" class=\"wp-image-40\" srcset=\"https:\/\/www.cervezotecamalte.com\/portal\/wp-content\/uploads\/2021\/06\/opinion1.png 596w, https:\/\/www.cervezotecamalte.com\/portal\/wp-content\/uploads\/2021\/06\/opinion1-300x75.png 300w\" sizes=\"(max-width: 596px) 100vw, 596px\" \/><\/figure>\n\n\n\n<figure class=\"wp-block-image size-large\"><img loading=\"lazy\" width=\"1024\" height=\"200\" src=\"https:\/\/www.cervezotecamalte.com\/portal\/wp-content\/uploads\/2021\/06\/Banner_Presco-1024x200.png\" alt=\"\" class=\"wp-image-20\" srcset=\"https:\/\/www.cervezotecamalte.com\/portal\/wp-content\/uploads\/2021\/06\/Banner_Presco-1024x200.png 1024w, https:\/\/www.cervezotecamalte.com\/portal\/wp-content\/uploads\/2021\/06\/Banner_Presco-300x59.png 300w, https:\/\/www.cervezotecamalte.com\/portal\/wp-content\/uploads\/2021\/06\/Banner_Presco-768x150.png 768w, https:\/\/www.cervezotecamalte.com\/portal\/wp-content\/uploads\/2021\/06\/Banner_Presco.png 1280w\" sizes=\"(max-width: 1024px) 100vw, 1024px\" \/><figcaption>Esta empresa obtivo unha subvenci\u00f3n para o mantemento e impulso da actividade econ\u00f3mica no termo municipal da Coru\u00f1a polo COVID-19, no  marco do Plan de reactivaci\u00f3n econ\u00f3mica e social da Coru\u00f1a (PRESCO 2020)<\/figcaption><\/figure>\n","protected":false},"excerpt":{"rendered":"","protected":false},"author":1,"featured_media":0,"parent":0,"menu_order":0,"comment_status":"closed","ping_status":"open","template":"","meta":[],"_links":{"self":[{"href":"https:\/\/www.cervezotecamalte.com\/portal\/index.php\/wp-json\/wp\/v2\/pages\/2"}],"collection":[{"href":"https:\/\/www.cervezotecamalte.com\/portal\/index.php\/wp-json\/wp\/v2\/pages"}],"about":[{"href":"https:\/\/www.cervezotecamalte.com\/portal\/index.php\/wp-json\/wp\/v2\/types\/page"}],"author":[{"embeddable":true,"href":"https:\/\/www.cervezotecamalte.com\/portal\/index.php\/wp-json\/wp\/v2\/users\/1"}],"replies":[{"embeddable":true,"href":"https:\/\/www.cervezotecamalte.com\/portal\/index.php\/wp-json\/wp\/v2\/comments?post=2"}],"version-history":[{"count":14,"href":"https:\/\/www.cervezotecamalte.com\/portal\/index.php\/wp-json\/wp\/v2\/pages\/2\/revisions"}],"predecessor-version":[{"id":94,"href":"https:\/\/www.cervezotecamalte.com\/portal\/index.php\/wp-json\/wp\/v2\/pages\/2\/revisions\/94"}],"wp:attachment":[{"href":"https:\/\/www.cervezotecamalte.com\/portal\/index.php\/wp-json\/wp\/v2\/media?parent=2"}],"curies":[{"name":"wp","href":"https:\/\/api.w.org\/{rel}","templated":true}]}}